{"id":76066,"date":"2026-03-30T16:49:49","date_gmt":"2026-03-30T16:49:49","guid":{"rendered":"https:\/\/paadiosad.ee\/product\/boat-whaly-500r-professional-2\/"},"modified":"2026-04-02T12:33:39","modified_gmt":"2026-04-02T12:33:39","slug":"boat-whaly-500r-professional-2","status":"publish","type":"product","link":"https:\/\/paadiosad.ee\/en\/product\/boat-whaly-500r-professional-2\/","title":{"rendered":"Boat Whaly 500R Professional"},"content":{"rendered":"<p style=\"margin:0cm;\"><span lang=\"et\" style=\"font-size:8.5pt;font-family:Verdana, sans-serif;\" xml:lang=\"et\">Length\u00a0 4.99 m \/ 16&#8217;4&#8221;<\/span><\/p>\n<p style=\"margin:0cm;\"><span lang=\"et\" style=\"font-size:8.5pt;font-family:Verdana, sans-serif;\" xml:lang=\"et\">Width\u00a0\u00a0\u00a0 2.10 m \/ 6&#8217;10&#8221;<\/span><\/p>\n<p style=\"margin:0cm;\"><span lang=\"et\" style=\"font-size:8.5pt;font-family:Verdana, sans-serif;\" xml:lang=\"et\">Height\u00a0\u00a0 0.85 m &#8211; 1.01 m \/ 34&#8221; 40&#8221;<\/span><\/p>\n<p style=\"margin:0cm;\"><span lang=\"et\" style=\"font-size:8.5pt;font-family:Verdana, sans-serif;\" xml:lang=\"et\">Height of Stern\u00a0 0.52 m \/ 20.5&#8221;<\/span><\/p>\n<p style=\"margin:0cm;\"><span lang=\"et\" style=\"font-size:8.5pt;font-family:Verdana, sans-serif;\" xml:lang=\"et\">Draft\u00a0\u00a0\u00a0\u00a0 0,25 m \/ 10&#8221;<\/span><\/p>\n<p style=\"margin:0cm;\"><span lang=\"et\" style=\"font-size:8.5pt;font-family:Verdana, sans-serif;\" xml:lang=\"et\">Weight (approx) 467 kg \/ 1029 lbs<\/span><\/p>\n<p style=\"margin:0cm;\"><span lang=\"et\" style=\"font-size:8.5pt;font-family:Verdana, sans-serif;\" xml:lang=\"et\">CE Cat. C Numbers of persons\u00a0\u00a0\u00a0\u00a0 8<\/span><\/p>\n<p style=\"margin:0cm;\"><span lang=\"et\" style=\"font-size:8.5pt;font-family:Verdana, sans-serif;\" xml:lang=\"et\">CE Cat. D numbers of persons\u00a0\u00a0\u00a0\u00a0 10<\/span><\/p>\n<p style=\"margin:0cm;\"><span lang=\"et\" style=\"font-size:8.5pt;font-family:Verdana, sans-serif;\" xml:lang=\"et\">CE Cat. C Max Capacity \/ Load\u00a0\u00a0\u00a0 850 kg \/ 1874 lbs<\/span><\/p>\n<p style=\"margin:0cm;\"><span lang=\"et\" style=\"font-size:8.5pt;font-family:Verdana, sans-serif;\" xml:lang=\"et\">CE Cat D Max Capacity \/ Load\u00a0\u00a0\u00a0\u00a0 980 kg\/ 2161 lbs<\/span><\/p>\n<p style=\"margin:0cm;\"><span lang=\"et\" style=\"font-size:8.5pt;font-family:Verdana, sans-serif;\" xml:lang=\"et\">Shaft length of outboard engine\u00a0 Long<\/span><\/p>\n<p style=\"margin:0cm;\"><span lang=\"et\" style=\"font-size:8.5pt;font-family:Verdana, sans-serif;\" xml:lang=\"et\">Maximum engine power\u00a0 44.1 kW \/ 60 HP<\/span><\/p>\n<p class=\"MsoNormal\" style=\"margin-bottom:0cm;line-height:normal;\">\n<p style=\"margin:0cm;\"><span lang=\"et\" style=\"font-size:8.5pt;font-family:Verdana, sans-serif;\" xml:lang=\"et\">Maximum engine weight 170 kg \/ 375 lbs<\/span><\/p>\n<p class=\"MsoNormal\" style=\"margin-bottom:0cm;line-height:normal;\"><span style=\"color:#000000;\">\u00a0<\/span><\/p>\n<p class=\"MsoNormal\" style=\"margin-bottom:0cm;line-height:normal;\"><span style=\"color:#000000;\">SOOVI KORRAL V\u00d5IMALIK LISADA:<\/span><\/p>\n<p class=\"MsoNormal\" style=\"margin-bottom:0cm;line-height:normal;\"><span style=\"color:#000000;\">Konsool, roolis\u00fcsteem, panipaigaga istmed, redel, katus, navigatsioonikaar, k\u00fctusepaak, p\u00e4ramootor nt Parsun, mida m\u00fc\u00fcme jm.<\/span><\/p>\n","protected":false},"excerpt":{"rendered":"<p style=\"margin:0cm;\"><span lang=\"et\" style=\"font-size:11pt;color:#526266;background:#FFFFFF;\" xml:lang=\"et\">The Whaly <b>500R <\/b>Professional is even stronger than the \u201cnormal\u201d 500 model! The Whaly 500R Professional has a foam layer on the inside of the boat, Polyethylene + Polyethylene foam layer, High grade , UV-stabilised Polyethylene (PE), this will be the preferred choice for Professional use as a Work boat or for Rescue operations. Whaly\u2019s, well thought-out design, which emphasises strength and stability, offers many options. Load capasity\u00a0980kg with large space which is great for work and rescue boats!<\/span><span lang=\"et\" style=\"font-size:11pt;color:#000000;\" xml:lang=\"et\"><\/span><\/p>\n","protected":false},"featured_media":75699,"template":"","meta":{"_kadence_starter_templates_imported_post":false,"_kad_post_transparent":"","_kad_post_title":"","_kad_post_layout":"","_kad_post_sidebar_id":"","_kad_post_content_style":"","_kad_post_vertical_padding":"","_kad_post_feature":"","_kad_post_feature_position":"","_kad_post_header":false,"_kad_post_footer":false,"_kad_post_classname":""},"product_brand":[],"product_cat":[719,720],"product_tag":[],"class_list":{"0":"post-76066","1":"product","2":"type-product","3":"status-publish","4":"has-post-thumbnail","6":"product_cat-paadid-ja-paadikomponendid","7":"product_cat-whaly-paadid","9":"first","10":"outofstock","11":"taxable","12":"shipping-taxable","13":"purchasable","14":"product-type-simple","15":"entry","16":"content-bg","17":"loop-entry"},"_links":{"self":[{"href":"https:\/\/paadiosad.ee\/en\/wp-json\/wp\/v2\/product\/76066","targetHints":{"allow":["GET"]}}],"collection":[{"href":"https:\/\/paadiosad.ee\/en\/wp-json\/wp\/v2\/product"}],"about":[{"href":"https:\/\/paadiosad.ee\/en\/wp-json\/wp\/v2\/types\/product"}],"wp:featuredmedia":[{"embeddable":true,"href":"https:\/\/paadiosad.ee\/en\/wp-json\/wp\/v2\/media\/75699"}],"wp:attachment":[{"href":"https:\/\/paadiosad.ee\/en\/wp-json\/wp\/v2\/media?parent=76066"}],"wp:term":[{"taxonomy":"product_brand","embeddable":true,"href":"https:\/\/paadiosad.ee\/en\/wp-json\/wp\/v2\/product_brand?post=76066"},{"taxonomy":"product_cat","embeddable":true,"href":"https:\/\/paadiosad.ee\/en\/wp-json\/wp\/v2\/product_cat?post=76066"},{"taxonomy":"product_tag","embeddable":true,"href":"https:\/\/paadiosad.ee\/en\/wp-json\/wp\/v2\/product_tag?post=76066"}],"curies":[{"name":"wp","href":"https:\/\/api.w.org\/{rel}","templated":true}]}}