{"id":76065,"date":"2026-03-30T16:49:46","date_gmt":"2026-03-30T16:49:46","guid":{"rendered":"https:\/\/paadiosad.ee\/product\/boat-whaly-500-2\/"},"modified":"2026-04-02T12:33:36","modified_gmt":"2026-04-02T12:33:36","slug":"boat-whaly-500-2","status":"publish","type":"product","link":"https:\/\/paadiosad.ee\/en\/product\/boat-whaly-500-2\/","title":{"rendered":"Boat Whaly 500"},"content":{"rendered":"<p style=\"margin:0cm;\"><span lang=\"et\" style=\"font-size:8.5pt;font-family:Verdana, sans-serif;\" xml:lang=\"et\">Length\u00a0 4.99 m \/ 16&#8217;4&#8221;<\/span><\/p>\n<p style=\"margin:0cm;\"><span lang=\"et\" style=\"font-size:8.5pt;font-family:Verdana, sans-serif;\" xml:lang=\"et\">Width\u00a0\u00a0\u00a0 2.10 m \/ 6&#8217;10&#8221;<\/span><\/p>\n<p style=\"margin:0cm;\"><span lang=\"et\" style=\"font-size:8.5pt;font-family:Verdana, sans-serif;\" xml:lang=\"et\">Height\u00a0\u00a0 0.85 m &#8211; 1.01 m \/ 34&#8221; 40&#8221;<\/span><\/p>\n<p style=\"margin:0cm;\"><span lang=\"et\" style=\"font-size:8.5pt;font-family:Verdana, sans-serif;\" xml:lang=\"et\">Height of Stern\u00a0 0.52 m \/ 20.5&#8221;<\/span><\/p>\n<p style=\"margin:0cm;\"><span lang=\"et\" style=\"font-size:8.5pt;font-family:Verdana, sans-serif;\" xml:lang=\"et\">Draft\u00a0\u00a0\u00a0\u00a0 0,25 m \/ 10&#8221;<\/span><\/p>\n<p style=\"margin:0cm;\"><span lang=\"et\" style=\"font-size:8.5pt;font-family:Verdana, sans-serif;\" xml:lang=\"et\">Weight (approx) 420 kg \/ 925 lbs<\/span><\/p>\n<p style=\"margin:0cm;\"><span lang=\"et\" style=\"font-size:8.5pt;font-family:Verdana, sans-serif;\" xml:lang=\"et\">CE Cat. C Numbers of persons\u00a0\u00a0\u00a0\u00a0 10<\/span><\/p>\n<p style=\"margin:0cm;\"><span lang=\"et\" style=\"font-size:8.5pt;font-family:Verdana, sans-serif;\" xml:lang=\"et\">CE Cat. D numbers of persons\u00a0\u00a0\u00a0\u00a0 12<\/span><\/p>\n<p style=\"margin:0cm;\"><span lang=\"et\" style=\"font-size:8.5pt;font-family:Verdana, sans-serif;\" xml:lang=\"et\">CE Cat. C Max Capacity \/ Load\u00a0\u00a0\u00a0 1030 kg \/ 2271 lbs<\/span><\/p>\n<p style=\"margin:0cm;\"><span lang=\"et\" style=\"font-size:8.5pt;font-family:Verdana, sans-serif;\" xml:lang=\"et\">CE Cat D Max Capacity \/ Load\u00a0\u00a0\u00a0\u00a0 1180 kg\/ 2601 lbs<\/span><\/p>\n<p style=\"margin:0cm;\"><span lang=\"et\" style=\"font-size:8.5pt;font-family:Verdana, sans-serif;\" xml:lang=\"et\">Shaft length of outboard engine\u00a0 Long<\/span><\/p>\n<p style=\"margin:0cm;\"><span lang=\"et\" style=\"font-size:8.5pt;font-family:Verdana, sans-serif;\" xml:lang=\"et\">Maximum engine power\u00a0 38\u00a0kW \/\u00a050 HP<\/span><\/p>\n<p class=\"MsoNormal\" style=\"margin-bottom:0cm;line-height:normal;\">\n<p style=\"margin:0cm;\"><span lang=\"et\" style=\"font-size:8.5pt;font-family:Verdana, sans-serif;\" xml:lang=\"et\">Maximum engine weight 120 kg \/ 265 lbs<\/span><\/p>\n<p class=\"MsoNormal\" style=\"margin-bottom:0cm;line-height:normal;\">SOOVI KORRAL V\u00d5IMALIK LISADA:<\/p>\n<\/p>\n<p class=\"MsoNormal\" style=\"margin-bottom:0cm;line-height:normal;\">Konsool, roolis\u00fcsteem, panipaigaga istmed, redel, katus, navigatsioonikaar, k\u00fctusepaak, p\u00e4ramootor nt Parsun, mida m\u00fc\u00fcme jm<\/p>\n","protected":false},"excerpt":{"rendered":"<p style=\"margin:0cm;\"><strong><span lang=\"et\" style=\"font-size:11pt;font-weight:normal;\" xml:lang=\"et\">The Whaly 500 is suitable for many purposes, an open boat made of high-grade plastic (Polyethylene) The model is unique by its big inner space and multi-use! ; for recreational use, but also very suitable for professional purposes. Whether you are looking for a stable Work boat, escort craft for a sailing school, a Whaly boat for rescue operations or a rugged Whaly for your boat rental business, Whaly\u2019s, well thought-out design, which emphasises strength and stability, offers many options.<\/span><\/strong><\/p>\n","protected":false},"featured_media":75701,"template":"","meta":{"_kadence_starter_templates_imported_post":false,"_kad_post_transparent":"","_kad_post_title":"","_kad_post_layout":"","_kad_post_sidebar_id":"","_kad_post_content_style":"","_kad_post_vertical_padding":"","_kad_post_feature":"","_kad_post_feature_position":"","_kad_post_header":false,"_kad_post_footer":false,"_kad_post_classname":""},"product_brand":[],"product_cat":[874,875],"product_tag":[],"class_list":{"0":"post-76065","1":"product","2":"type-product","3":"status-publish","4":"has-post-thumbnail","6":"product_cat-boats-and-boat-components","7":"product_cat-whaly-boats","9":"first","10":"outofstock","11":"taxable","12":"shipping-taxable","13":"purchasable","14":"product-type-simple","15":"entry","16":"content-bg","17":"loop-entry"},"_links":{"self":[{"href":"https:\/\/paadiosad.ee\/en\/wp-json\/wp\/v2\/product\/76065","targetHints":{"allow":["GET"]}}],"collection":[{"href":"https:\/\/paadiosad.ee\/en\/wp-json\/wp\/v2\/product"}],"about":[{"href":"https:\/\/paadiosad.ee\/en\/wp-json\/wp\/v2\/types\/product"}],"wp:featuredmedia":[{"embeddable":true,"href":"https:\/\/paadiosad.ee\/en\/wp-json\/wp\/v2\/media\/75701"}],"wp:attachment":[{"href":"https:\/\/paadiosad.ee\/en\/wp-json\/wp\/v2\/media?parent=76065"}],"wp:term":[{"taxonomy":"product_brand","embeddable":true,"href":"https:\/\/paadiosad.ee\/en\/wp-json\/wp\/v2\/product_brand?post=76065"},{"taxonomy":"product_cat","embeddable":true,"href":"https:\/\/paadiosad.ee\/en\/wp-json\/wp\/v2\/product_cat?post=76065"},{"taxonomy":"product_tag","embeddable":true,"href":"https:\/\/paadiosad.ee\/en\/wp-json\/wp\/v2\/product_tag?post=76065"}],"curies":[{"name":"wp","href":"https:\/\/api.w.org\/{rel}","templated":true}]}}